{"id":8833,"date":"2025-09-26T13:12:18","date_gmt":"2025-09-26T10:12:18","guid":{"rendered":"http:\/\/rv1g.lv\/?page_id=8833"},"modified":"2025-09-26T13:13:29","modified_gmt":"2025-09-26T10:13:29","slug":"absolventi-2023-2024","status":"publish","type":"page","link":"https:\/\/rv1g.lv\/index.php\/absolventi-2023-2024\/","title":{"rendered":"Absolventi 2023.\/2024."},"content":{"rendered":"\t\t<div data-elementor-type=\"wp-page\" data-elementor-id=\"8833\" class=\"elementor elementor-8833\" data-elementor-post-type=\"page\">\n\t\t\t\t\t\t<section class=\"elementor-section elementor-top-section elementor-element elementor-element-ce33baa elementor-section-content-middle elementor-section-boxed elementor-section-gap-beside-yes elementor-section-height-default elementor-section-height-default elementor-section-column-vertical-align-stretch\" data-id=\"ce33baa\" data-element_type=\"section\" data-e-type=\"section\" data-settings=\"{&quot;background_background&quot;:&quot;classic&quot;}\">\n\t\t\t\t\t\t\t<div class=\"elementor-background-overlay\"><\/div>\n\t\t\t\t\t\t\t<div class=\"elementor-container elementor-column-gap-extended\">\n\t\t\t\t\t<div class=\"elementor-column elementor-col-100 elementor-top-column elementor-element elementor-element-baae5cb\" data-id=\"baae5cb\" data-element_type=\"column\" data-e-type=\"column\">\n\t\t\t<div class=\"elementor-widget-wrap elementor-element-populated\">\n\t\t\t\t\t\t<div class=\"elementor-element elementor-element-19bc3ca elementor-invisible elementor-widget elementor-widget-tm-heading\" data-id=\"19bc3ca\" data-element_type=\"widget\" data-e-type=\"widget\" data-settings=\"{&quot;_animation&quot;:&quot;edumallFadeInUp&quot;}\" data-widget_type=\"tm-heading.default\">\n\t\t\t\t<div class=\"elementor-widget-container\">\n\t\t\t\t\t\t\t<div class=\"tm-modern-heading\">\n\t\t\t\n\t\t\t\t\t<div class=\"heading-primary-wrap\">\n\t\t\t<h3 class=\"heading-primary elementor-heading-title\">2023.\/2024.g.<\/h3>\t\t<\/div>\n\t\t\n\t\t\t\n\t\t\t\t\t<\/div>\n\t\t\t\t\t\t<\/div>\n\t\t\t\t<\/div>\n\t\t\t\t\t<\/div>\n\t\t<\/div>\n\t\t\t\t\t<\/div>\n\t\t<\/section>\n\t\t\t\t<section class=\"elementor-section elementor-top-section elementor-element elementor-element-9432902 elementor-section-full_width elementor-section-gap-beside-yes elementor-section-height-default elementor-section-height-default elementor-section-column-vertical-align-stretch\" data-id=\"9432902\" data-element_type=\"section\" data-e-type=\"section\" data-settings=\"{&quot;background_background&quot;:&quot;classic&quot;}\">\n\t\t\t\t\t\t\t<div class=\"elementor-background-overlay\"><\/div>\n\t\t\t\t\t\t\t<div class=\"elementor-container elementor-column-gap-extended\">\n\t\t\t\t\t<div class=\"elementor-column elementor-col-100 elementor-top-column elementor-element elementor-element-449cb8d\" data-id=\"449cb8d\" data-element_type=\"column\" data-e-type=\"column\">\n\t\t\t<div class=\"elementor-widget-wrap elementor-element-populated\">\n\t\t\t\t\t\t<div class=\"elementor-element elementor-element-23b9a35 edumall-shape-border-circle elementor-widget__width-auto elementor-absolute elementor-hidden-tablet elementor-hidden-phone elementor-widget elementor-widget-tm-shapes\" data-id=\"23b9a35\" data-element_type=\"widget\" data-e-type=\"widget\" data-settings=\"{&quot;motion_fx_motion_fx_mouse&quot;:&quot;yes&quot;,&quot;motion_fx_mouseTrack_effect&quot;:&quot;yes&quot;,&quot;_position&quot;:&quot;absolute&quot;,&quot;motion_fx_mouseTrack_direction&quot;:&quot;negative&quot;,&quot;motion_fx_mouseTrack_speed&quot;:{&quot;unit&quot;:&quot;px&quot;,&quot;size&quot;:1,&quot;sizes&quot;:[]}}\" data-widget_type=\"tm-shapes.default\">\n\t\t\t\t<div class=\"elementor-widget-container\">\n\t\t\t\t\t\t\t<div class=\"edumall-shape edumall-shape-1-1\">\n\t\t\t\t\t\t\t<div class=\"shape\"><\/div>\n\t\t\t\t\t<\/div>\n\t\t\t\t\t\t<\/div>\n\t\t\t\t<\/div>\n\t\t\t\t<div class=\"elementor-element elementor-element-6938a15 edumall-shape-border-circle elementor-widget__width-auto elementor-absolute elementor-widget elementor-widget-tm-shapes\" data-id=\"6938a15\" data-element_type=\"widget\" data-e-type=\"widget\" data-settings=\"{&quot;motion_fx_motion_fx_mouse&quot;:&quot;yes&quot;,&quot;motion_fx_mouseTrack_effect&quot;:&quot;yes&quot;,&quot;_position&quot;:&quot;absolute&quot;,&quot;motion_fx_mouseTrack_speed&quot;:{&quot;unit&quot;:&quot;px&quot;,&quot;size&quot;:1,&quot;sizes&quot;:[]}}\" data-widget_type=\"tm-shapes.default\">\n\t\t\t\t<div class=\"elementor-widget-container\">\n\t\t\t\t\t\t\t<div class=\"edumall-shape edumall-shape-1-1\">\n\t\t\t\t\t\t\t<div class=\"shape\"><\/div>\n\t\t\t\t\t<\/div>\n\t\t\t\t\t\t<\/div>\n\t\t\t\t<\/div>\n\t\t\t\t<div class=\"elementor-element elementor-element-f3b67e4 edumall-shape-border-circle elementor-widget__width-auto elementor-absolute elementor-widget elementor-widget-tm-shapes\" data-id=\"f3b67e4\" data-element_type=\"widget\" data-e-type=\"widget\" data-settings=\"{&quot;motion_fx_motion_fx_mouse&quot;:&quot;yes&quot;,&quot;motion_fx_mouseTrack_effect&quot;:&quot;yes&quot;,&quot;_position&quot;:&quot;absolute&quot;,&quot;motion_fx_mouseTrack_speed&quot;:{&quot;unit&quot;:&quot;px&quot;,&quot;size&quot;:1,&quot;sizes&quot;:[]}}\" data-widget_type=\"tm-shapes.default\">\n\t\t\t\t<div class=\"elementor-widget-container\">\n\t\t\t\t\t\t\t<div class=\"edumall-shape edumall-shape-1-1\">\n\t\t\t\t\t\t\t<div class=\"shape\"><\/div>\n\t\t\t\t\t<\/div>\n\t\t\t\t\t\t<\/div>\n\t\t\t\t<\/div>\n\t\t\t\t<div class=\"elementor-element elementor-element-a54f0a0 elementor-widget elementor-widget-spacer\" data-id=\"a54f0a0\" data-element_type=\"widget\" data-e-type=\"widget\" data-widget_type=\"spacer.default\">\n\t\t\t\t<div class=\"elementor-widget-container\">\n\t\t\t\t\t\t\t<div class=\"elementor-spacer\">\n\t\t\t<div class=\"elementor-spacer-inner\"><\/div>\n\t\t<\/div>\n\t\t\t\t\t\t<\/div>\n\t\t\t\t<\/div>\n\t\t\t\t<section class=\"elementor-section elementor-inner-section elementor-element elementor-element-33f5e3d elementor-section-boxed elementor-section-gap-beside-yes elementor-section-height-default elementor-section-height-default elementor-section-column-vertical-align-stretch\" data-id=\"33f5e3d\" data-element_type=\"section\" data-e-type=\"section\">\n\t\t\t\t\t\t<div class=\"elementor-container elementor-column-gap-extended\">\n\t\t\t\t\t<div class=\"elementor-column elementor-col-100 elementor-inner-column elementor-element elementor-element-fb8b4fc\" data-id=\"fb8b4fc\" data-element_type=\"column\" data-e-type=\"column\">\n\t\t\t<div class=\"elementor-widget-wrap elementor-element-populated\">\n\t\t\t\t\t\t<div class=\"elementor-element elementor-element-b1f7eef edumall-modern-heading-style-01 elementor-invisible elementor-widget elementor-widget-tm-heading\" data-id=\"b1f7eef\" data-element_type=\"widget\" data-e-type=\"widget\" data-settings=\"{&quot;_animation&quot;:&quot;edumallFadeInUp&quot;}\" data-widget_type=\"tm-heading.default\">\n\t\t\t\t<div class=\"elementor-widget-container\">\n\t\t\t\t\t\t\t<div class=\"tm-modern-heading\">\n\t\t\t\n\t\t\t\t\t<div class=\"heading-primary-wrap\">\n\t\t\t<h3 class=\"heading-primary elementor-heading-title\"><mark>Absolventi<\/mark><\/h3>\t\t<\/div>\n\t\t\n\t\t\t\n\t\t\t\t\t<div class=\"heading-description-wrap\">\n\t\t\t<div class=\"heading-description\">\n\t\t\t\t<p>Apkopjot datus par R\u0113zeknes Valsts 1.\u0123imn\u0101zijas 2023.\/2024.m.g. absolventu gait\u0101m, \u00a0varam b\u016bt gandar\u012bti, ka \u0123imn\u0101zija\u00a0 organiz\u0113 un \u012bsteno kvalitat\u012bvu un m\u016bsdien\u012bgu izgl\u012bt\u012bbas procesu, kas dod iesp\u0113ju veiksm\u012bgi start\u0113t augst\u0101k\u0101s izgl\u012bt\u012bbas iest\u0101d\u0113s.<\/p>\t\t\t<\/div>\n\t\t<\/div>\n\t\t\t<\/div>\n\t\t\t\t\t\t<\/div>\n\t\t\t\t<\/div>\n\t\t<div class=\"elementor-element elementor-element-339e3ef e-flex e-con-boxed e-con e-parent\" data-id=\"339e3ef\" data-element_type=\"container\" data-e-type=\"container\">\n\t\t\t\t\t<div class=\"e-con-inner\">\n\t\t<div class=\"elementor-element elementor-element-f02dc4e e-con-full e-flex e-con e-child\" data-id=\"f02dc4e\" data-element_type=\"container\" data-e-type=\"container\" data-settings=\"{&quot;background_background&quot;:&quot;classic&quot;}\">\n\t\t\t\t<div class=\"elementor-element elementor-element-a30eb0c elementor-widget elementor-widget-heading\" data-id=\"a30eb0c\" data-element_type=\"widget\" data-e-type=\"widget\" data-widget_type=\"heading.default\">\n\t\t\t\t<div class=\"elementor-widget-container\">\n\t\t\t\t\t<h5 class=\"elementor-heading-title elementor-size-default\">2023.\/2024.m.g.absolventu gaitas augstskol\u0101s.\n<\/h5>\t\t\t\t<\/div>\n\t\t\t\t<\/div>\n\t\t\t\t<div class=\"elementor-element elementor-element-7548124 elementor-widget elementor-widget-spacer\" data-id=\"7548124\" data-element_type=\"widget\" data-e-type=\"widget\" data-widget_type=\"spacer.default\">\n\t\t\t\t<div class=\"elementor-widget-container\">\n\t\t\t\t\t\t\t<div class=\"elementor-spacer\">\n\t\t\t<div class=\"elementor-spacer-inner\"><\/div>\n\t\t<\/div>\n\t\t\t\t\t\t<\/div>\n\t\t\t\t<\/div>\n\t\t\t\t<div class=\"elementor-element elementor-element-29d803f elementor-widget elementor-widget-image\" data-id=\"29d803f\" data-element_type=\"widget\" data-e-type=\"widget\" data-widget_type=\"image.default\">\n\t\t\t\t<div class=\"elementor-widget-container\">\n\t\t\t\t\t\t\t\t\t\t\t\t\t\t\t\t<a href=\"http:\/\/rv1g.lv\/wp-content\/uploads\/2024\/10\/abs1.png\" data-elementor-open-lightbox=\"yes\" data-elementor-lightbox-title=\"abs1\" data-e-action-hash=\"#elementor-action%3Aaction%3Dlightbox%26settings%3DeyJpZCI6NzQ2NSwidXJsIjoiaHR0cHM6XC9cL3J2MWcubHZcL3dwLWNvbnRlbnRcL3VwbG9hZHNcLzIwMjRcLzEwXC9hYnMxLnBuZyJ9\">\n\t\t\t\t\t\t\t<img fetchpriority=\"high\" decoding=\"async\" width=\"640\" height=\"380\" src=\"https:\/\/rv1g.lv\/wp-content\/uploads\/2024\/10\/abs1.png\" class=\"attachment-large size-large wp-image-7465\" alt=\"\" srcset=\"https:\/\/rv1g.lv\/wp-content\/uploads\/2024\/10\/abs1.png 767w, https:\/\/rv1g.lv\/wp-content\/uploads\/2024\/10\/abs1-300x178.png 300w\" sizes=\"(max-width: 640px) 100vw, 640px\" \/>\t\t\t\t\t\t\t\t<\/a>\n\t\t\t\t\t\t\t\t\t\t\t\t\t\t\t<\/div>\n\t\t\t\t<\/div>\n\t\t\t\t<\/div>\n\t\t<div class=\"elementor-element elementor-element-658b867 e-con-full e-flex e-con e-child\" data-id=\"658b867\" data-element_type=\"container\" data-e-type=\"container\" data-settings=\"{&quot;background_background&quot;:&quot;classic&quot;}\">\n\t\t\t\t<div class=\"elementor-element elementor-element-a51e0fd elementor-widget elementor-widget-heading\" data-id=\"a51e0fd\" data-element_type=\"widget\" data-e-type=\"widget\" data-widget_type=\"heading.default\">\n\t\t\t\t<div class=\"elementor-widget-container\">\n\t\t\t\t\t<h5 class=\"elementor-heading-title elementor-size-default\">M\u0101c\u012bbas koled\u017e\u0101s, dienesta un darba gaitas \n<\/h5>\t\t\t\t<\/div>\n\t\t\t\t<\/div>\n\t\t\t\t<div class=\"elementor-element elementor-element-49914d1 elementor-widget elementor-widget-spacer\" data-id=\"49914d1\" data-element_type=\"widget\" data-e-type=\"widget\" data-widget_type=\"spacer.default\">\n\t\t\t\t<div class=\"elementor-widget-container\">\n\t\t\t\t\t\t\t<div class=\"elementor-spacer\">\n\t\t\t<div class=\"elementor-spacer-inner\"><\/div>\n\t\t<\/div>\n\t\t\t\t\t\t<\/div>\n\t\t\t\t<\/div>\n\t\t\t\t<div class=\"elementor-element elementor-element-8582f0d elementor-widget elementor-widget-image\" data-id=\"8582f0d\" data-element_type=\"widget\" data-e-type=\"widget\" data-widget_type=\"image.default\">\n\t\t\t\t<div class=\"elementor-widget-container\">\n\t\t\t\t\t\t\t\t\t\t\t\t\t\t\t\t<a href=\"http:\/\/rv1g.lv\/wp-content\/uploads\/2024\/10\/abs2.png\" data-elementor-open-lightbox=\"yes\" data-elementor-lightbox-title=\"abs2\" data-e-action-hash=\"#elementor-action%3Aaction%3Dlightbox%26settings%3DeyJpZCI6NzQ2NCwidXJsIjoiaHR0cHM6XC9cL3J2MWcubHZcL3dwLWNvbnRlbnRcL3VwbG9hZHNcLzIwMjRcLzEwXC9hYnMyLnBuZyJ9\">\n\t\t\t\t\t\t\t<img decoding=\"async\" width=\"607\" height=\"341\" src=\"https:\/\/rv1g.lv\/wp-content\/uploads\/2024\/10\/abs2.png\" class=\"attachment-large size-large wp-image-7464\" alt=\"\" srcset=\"https:\/\/rv1g.lv\/wp-content\/uploads\/2024\/10\/abs2.png 607w, https:\/\/rv1g.lv\/wp-content\/uploads\/2024\/10\/abs2-300x169.png 300w\" sizes=\"(max-width: 607px) 100vw, 607px\" \/>\t\t\t\t\t\t\t\t<\/a>\n\t\t\t\t\t\t\t\t\t\t\t\t\t\t\t<\/div>\n\t\t\t\t<\/div>\n\t\t\t\t<\/div>\n\t\t<div class=\"elementor-element elementor-element-6dbc5f4 e-con-full e-flex e-con e-child\" data-id=\"6dbc5f4\" data-element_type=\"container\" data-e-type=\"container\" data-settings=\"{&quot;background_background&quot;:&quot;classic&quot;}\">\n\t\t\t\t<div class=\"elementor-element elementor-element-083835c elementor-widget elementor-widget-heading\" data-id=\"083835c\" data-element_type=\"widget\" data-e-type=\"widget\" data-widget_type=\"heading.default\">\n\t\t\t\t<div class=\"elementor-widget-container\">\n\t\t\t\t\t<h5 class=\"elementor-heading-title elementor-size-default\">2023.\/2024.m.g. 9.kla\u0161u skol\u0113nu turpm\u0101k\u0101s gaitas \u0123imn\u0101zij\u0101\n<\/h5>\t\t\t\t<\/div>\n\t\t\t\t<\/div>\n\t\t\t\t<div class=\"elementor-element elementor-element-096664d elementor-widget elementor-widget-image\" data-id=\"096664d\" data-element_type=\"widget\" data-e-type=\"widget\" data-widget_type=\"image.default\">\n\t\t\t\t<div class=\"elementor-widget-container\">\n\t\t\t\t\t\t\t\t\t\t\t\t\t\t\t\t<a href=\"http:\/\/rv1g.lv\/wp-content\/uploads\/2024\/10\/abs3.png\" data-elementor-open-lightbox=\"yes\" data-elementor-lightbox-title=\"abs3\" data-e-action-hash=\"#elementor-action%3Aaction%3Dlightbox%26settings%3DeyJpZCI6NzQ2MywidXJsIjoiaHR0cHM6XC9cL3J2MWcubHZcL3dwLWNvbnRlbnRcL3VwbG9hZHNcLzIwMjRcLzEwXC9hYnMzLnBuZyJ9\">\n\t\t\t\t\t\t\t<img decoding=\"async\" width=\"640\" height=\"403\" src=\"https:\/\/rv1g.lv\/wp-content\/uploads\/2024\/10\/abs3.png\" class=\"attachment-large size-large wp-image-7463\" alt=\"\" srcset=\"https:\/\/rv1g.lv\/wp-content\/uploads\/2024\/10\/abs3.png 640w, https:\/\/rv1g.lv\/wp-content\/uploads\/2024\/10\/abs3-300x189.png 300w\" sizes=\"(max-width: 640px) 100vw, 640px\" \/>\t\t\t\t\t\t\t\t<\/a>\n\t\t\t\t\t\t\t\t\t\t\t\t\t\t\t<\/div>\n\t\t\t\t<\/div>\n\t\t\t\t<\/div>\n\t\t\t\t\t<\/div>\n\t\t\t\t<\/div>\n\t\t\t\t<div class=\"elementor-element elementor-element-667d22c edumall-modern-heading-style-01 elementor-invisible elementor-widget elementor-widget-tm-heading\" data-id=\"667d22c\" data-element_type=\"widget\" data-e-type=\"widget\" data-settings=\"{&quot;_animation&quot;:&quot;edumallFadeInUp&quot;}\" data-widget_type=\"tm-heading.default\">\n\t\t\t\t<div class=\"elementor-widget-container\">\n\t\t\t\t\t\t\t<div class=\"tm-modern-heading\">\n\t\t\t\n\t\t\t\n\t\t\t\n\t\t\t\t\t<div class=\"heading-description-wrap\">\n\t\t\t<div class=\"heading-description\">\n\t\t\t\t<p>No 2023.\/2024.g.12.kla\u0161u \u00a0absolventiem <strong>96%<\/strong> turpina studijas \u00a0gan Latvij\u0101, gan \u0101rzem\u0113s.<\/p><p>Ar\u012b <strong>70,7%<\/strong> 9.kla\u0161u absolventu joproj\u0101m turpina izgl\u012bt\u012bbu R\u0113zeknes Valsts 1.\u0123imn\u0101zij\u0101.<\/p>\t\t\t<\/div>\n\t\t<\/div>\n\t\t\t<\/div>\n\t\t\t\t\t\t<\/div>\n\t\t\t\t<\/div>\n\t\t\t\t\t<\/div>\n\t\t<\/div>\n\t\t\t\t\t<\/div>\n\t\t<\/section>\n\t\t\t\t<div class=\"elementor-element elementor-element-7e8f07c elementor-widget elementor-widget-spacer\" data-id=\"7e8f07c\" data-element_type=\"widget\" data-e-type=\"widget\" data-widget_type=\"spacer.default\">\n\t\t\t\t<div class=\"elementor-widget-container\">\n\t\t\t\t\t\t\t<div class=\"elementor-spacer\">\n\t\t\t<div class=\"elementor-spacer-inner\"><\/div>\n\t\t<\/div>\n\t\t\t\t\t\t<\/div>\n\t\t\t\t<\/div>\n\t\t\t\t\t<\/div>\n\t\t<\/div>\n\t\t\t\t\t<\/div>\n\t\t<\/section>\n\t\t\t\t<\/div>\n\t\t","protected":false},"excerpt":{"rendered":"<p>2023.\/2024.g. Absolventi Apkopjot datus par R\u0113zeknes Valsts 1.\u0123imn\u0101zijas 2023.\/2024.m.g. absolventu gait\u0101m, \u00a0varam b\u016bt gandar\u012bti, ka \u0123imn\u0101zija\u00a0 organiz\u0113 un \u012bsteno kvalitat\u012bvu un m\u016bsdien\u012bgu izgl\u012bt\u012bbas procesu, kas dod iesp\u0113ju veiksm\u012bgi start\u0113t augst\u0101k\u0101s izgl\u012bt\u012bbas iest\u0101d\u0113s. 2023.\/2024.m.g.absolventu gaitas augstskol\u0101s. M\u0101c\u012bbas koled\u017e\u0101s, dienesta un darba gaitas 2023.\/2024.m.g. 9.kla\u0161u skol\u0113nu turpm\u0101k\u0101s gaitas \u0123imn\u0101zij\u0101 No 2023.\/2024.g.12.kla\u0161u \u00a0absolventiem 96% turpina studijas \u00a0gan Latvij\u0101, gan \u0101rzem\u0113s. Ar\u012b 70,7% 9.kla\u0161u absolventu joproj\u0101m turpina izgl\u012bt\u012bbu R\u0113zeknes Valsts 1.\u0123imn\u0101zij\u0101.<\/p>\n","protected":false},"author":5,"featured_media":0,"parent":0,"menu_order":0,"comment_status":"closed","ping_status":"closed","template":"","meta":{"footnotes":""},"class_list":["post-8833","page","type-page","status-publish","hentry","post-no-thumbnail"],"_links":{"self":[{"href":"https:\/\/rv1g.lv\/index.php\/wp-json\/wp\/v2\/pages\/8833","targetHints":{"allow":["GET"]}}],"collection":[{"href":"https:\/\/rv1g.lv\/index.php\/wp-json\/wp\/v2\/pages"}],"about":[{"href":"https:\/\/rv1g.lv\/index.php\/wp-json\/wp\/v2\/types\/page"}],"author":[{"embeddable":true,"href":"https:\/\/rv1g.lv\/index.php\/wp-json\/wp\/v2\/users\/5"}],"replies":[{"embeddable":true,"href":"https:\/\/rv1g.lv\/index.php\/wp-json\/wp\/v2\/comments?post=8833"}],"version-history":[{"count":4,"href":"https:\/\/rv1g.lv\/index.php\/wp-json\/wp\/v2\/pages\/8833\/revisions"}],"predecessor-version":[{"id":8838,"href":"https:\/\/rv1g.lv\/index.php\/wp-json\/wp\/v2\/pages\/8833\/revisions\/8838"}],"wp:attachment":[{"href":"https:\/\/rv1g.lv\/index.php\/wp-json\/wp\/v2\/media?parent=8833"}],"curies":[{"name":"wp","href":"https:\/\/api.w.org\/{rel}","templated":true}]}}