{"id":7205,"date":"2024-09-18T18:44:58","date_gmt":"2024-09-18T18:44:58","guid":{"rendered":"http:\/\/rv1g.lv\/?page_id=7205"},"modified":"2025-11-10T00:19:57","modified_gmt":"2025-11-09T21:19:57","slug":"metodiska-centra-materialu-kratuve","status":"publish","type":"page","link":"https:\/\/rv1g.lv\/index.php\/metodiska-centra-materialu-kratuve\/","title":{"rendered":"Metodisk\u0101 centra materi\u0101lu kr\u0101tuve"},"content":{"rendered":"\t\t<div data-elementor-type=\"wp-page\" data-elementor-id=\"7205\" class=\"elementor elementor-7205\" data-elementor-post-type=\"page\">\n\t\t\t\t<div class=\"elementor-element elementor-element-1211bacb e-flex e-con-boxed e-con e-parent\" data-id=\"1211bacb\" data-element_type=\"container\" data-e-type=\"container\">\n\t\t\t\t\t<div class=\"e-con-inner\">\n\t\t\t\t<div class=\"elementor-element elementor-element-568d0132 elementor-widget elementor-widget-shortcode\" data-id=\"568d0132\" data-element_type=\"widget\" data-e-type=\"widget\" data-widget_type=\"shortcode.default\">\n\t\t\t\t<div class=\"elementor-widget-container\">\n\t\t\t\t\t\t\t<div class=\"elementor-shortcode\"><div id=\"filebird-document-library\"><div class=\"njt-fbdl\" data-json=\"{&quot;request&quot;:{&quot;pagination&quot;:{&quot;current&quot;:1,&quot;limit&quot;:null},&quot;search&quot;:&quot;&quot;,&quot;orderBy&quot;:&quot;post_modified&quot;,&quot;orderType&quot;:&quot;DESC&quot;,&quot;selectedFolder&quot;:[&quot;QSFV+1vOnHc1FQLUgbBVYw==&quot;]},&quot;title&quot;:&quot;Title&quot;,&quot;column&quot;:null,&quot;layout&quot;:&quot;list&quot;}\"><\/div><\/div><\/div>\n\t\t\t\t\t\t<\/div>\n\t\t\t\t<\/div>\n\t\t\t\t\t<\/div>\n\t\t\t\t<\/div>\n\t\t<div class=\"elementor-element elementor-element-c473c58 e-flex e-con-boxed e-con e-parent\" data-id=\"c473c58\" data-element_type=\"container\" data-e-type=\"container\">\n\t\t\t\t\t<div class=\"e-con-inner\">\n\t\t\t\t<div class=\"elementor-element elementor-element-a14ec96 elementor-widget elementor-widget-text-editor\" data-id=\"a14ec96\" data-element_type=\"widget\" data-e-type=\"widget\" data-widget_type=\"text-editor.default\">\n\t\t\t\t<div class=\"elementor-widget-container\">\n\t\t\t\t\t\t\t\t\t<p><span style=\"color: #ffffff;\">(<\/span><\/p>\t\t\t\t\t\t\t\t<\/div>\n\t\t\t\t<\/div>\n\t\t\t\t\t<\/div>\n\t\t\t\t<\/div>\n\t\t\t\t<\/div>\n\t\t","protected":false},"excerpt":{"rendered":"<p>(<\/p>\n","protected":false},"author":1,"featured_media":0,"parent":0,"menu_order":0,"comment_status":"closed","ping_status":"closed","template":"","meta":{"footnotes":""},"class_list":["post-7205","page","type-page","status-publish","hentry","post-no-thumbnail"],"_links":{"self":[{"href":"https:\/\/rv1g.lv\/index.php\/wp-json\/wp\/v2\/pages\/7205","targetHints":{"allow":["GET"]}}],"collection":[{"href":"https:\/\/rv1g.lv\/index.php\/wp-json\/wp\/v2\/pages"}],"about":[{"href":"https:\/\/rv1g.lv\/index.php\/wp-json\/wp\/v2\/types\/page"}],"author":[{"embeddable":true,"href":"https:\/\/rv1g.lv\/index.php\/wp-json\/wp\/v2\/users\/1"}],"replies":[{"embeddable":true,"href":"https:\/\/rv1g.lv\/index.php\/wp-json\/wp\/v2\/comments?post=7205"}],"version-history":[{"count":20,"href":"https:\/\/rv1g.lv\/index.php\/wp-json\/wp\/v2\/pages\/7205\/revisions"}],"predecessor-version":[{"id":9190,"href":"https:\/\/rv1g.lv\/index.php\/wp-json\/wp\/v2\/pages\/7205\/revisions\/9190"}],"wp:attachment":[{"href":"https:\/\/rv1g.lv\/index.php\/wp-json\/wp\/v2\/media?parent=7205"}],"curies":[{"name":"wp","href":"https:\/\/api.w.org\/{rel}","templated":true}]}}