{"id":6491,"date":"2024-08-21T07:31:30","date_gmt":"2024-08-21T07:31:30","guid":{"rendered":"http:\/\/rv1g.lv\/?page_id=6491"},"modified":"2024-09-11T13:46:17","modified_gmt":"2024-09-11T13:46:17","slug":"rekviziti","status":"publish","type":"page","link":"https:\/\/rv1g.lv\/index.php\/rekviziti\/","title":{"rendered":"Rekviz\u012bti"},"content":{"rendered":"\t\t<div data-elementor-type=\"wp-page\" data-elementor-id=\"6491\" class=\"elementor elementor-6491\" data-elementor-post-type=\"page\">\n\t\t\t\t\t\t<section class=\"elementor-section elementor-top-section elementor-element elementor-element-ce33baa elementor-section-content-middle elementor-section-boxed elementor-section-gap-beside-yes elementor-section-height-default elementor-section-height-default elementor-section-column-vertical-align-stretch\" data-id=\"ce33baa\" data-element_type=\"section\" data-e-type=\"section\" data-settings=\"{&quot;background_background&quot;:&quot;classic&quot;}\">\n\t\t\t\t\t\t\t<div class=\"elementor-background-overlay\"><\/div>\n\t\t\t\t\t\t\t<div class=\"elementor-container elementor-column-gap-extended\">\n\t\t\t\t\t<div class=\"elementor-column elementor-col-100 elementor-top-column elementor-element elementor-element-baae5cb\" data-id=\"baae5cb\" data-element_type=\"column\" data-e-type=\"column\">\n\t\t\t<div class=\"elementor-widget-wrap elementor-element-populated\">\n\t\t\t\t\t\t<div class=\"elementor-element elementor-element-19bc3ca elementor-invisible elementor-widget elementor-widget-tm-heading\" data-id=\"19bc3ca\" data-element_type=\"widget\" data-e-type=\"widget\" data-settings=\"{&quot;_animation&quot;:&quot;edumallFadeInUp&quot;}\" data-widget_type=\"tm-heading.default\">\n\t\t\t\t<div class=\"elementor-widget-container\">\n\t\t\t\t\t\t\t<div class=\"tm-modern-heading\">\n\t\t\t\n\t\t\t\t\t<div class=\"heading-primary-wrap\">\n\t\t\t<h3 class=\"heading-primary elementor-heading-title\">Rekviz\u012bti<\/h3>\t\t<\/div>\n\t\t\n\t\t\t\n\t\t\t\t\t<\/div>\n\t\t\t\t\t\t<\/div>\n\t\t\t\t<\/div>\n\t\t\t\t\t<\/div>\n\t\t<\/div>\n\t\t\t\t\t<\/div>\n\t\t<\/section>\n\t\t\t\t<section class=\"elementor-section elementor-top-section elementor-element elementor-element-bb28803 elementor-section-content-middle elementor-section-boxed elementor-section-gap-beside-yes elementor-section-height-default elementor-section-height-default elementor-section-column-vertical-align-stretch\" data-id=\"bb28803\" data-element_type=\"section\" data-e-type=\"section\" data-settings=\"{&quot;background_background&quot;:&quot;classic&quot;}\">\n\t\t\t\t\t\t<div class=\"elementor-container elementor-column-gap-extended\">\n\t\t\t\t\t<div class=\"elementor-column elementor-col-50 elementor-top-column elementor-element elementor-element-bdddddc\" data-id=\"bdddddc\" data-element_type=\"column\" data-e-type=\"column\">\n\t\t\t<div class=\"elementor-widget-wrap elementor-element-populated\">\n\t\t\t\t\t\t<div class=\"elementor-element elementor-element-5a17178 edumall-modern-heading-style-01 elementor-invisible elementor-widget elementor-widget-tm-heading\" data-id=\"5a17178\" data-element_type=\"widget\" data-e-type=\"widget\" data-settings=\"{&quot;_animation&quot;:&quot;edumallFadeInUp&quot;}\" data-widget_type=\"tm-heading.default\">\n\t\t\t\t<div class=\"elementor-widget-container\">\n\t\t\t\t\t\t\t<div class=\"tm-modern-heading\">\n\t\t\t\n\t\t\t\t\t<div class=\"heading-primary-wrap\">\n\t\t\t<h3 class=\"heading-primary elementor-heading-title\"><mark>Rekviz\u012bti<\/mark><\/h3>\t\t<\/div>\n\t\t\n\t\t\t\n\t\t\t\t\t<div class=\"heading-description-wrap\">\n\t\t\t<div class=\"heading-description\">\n\t\t\t\t<p>R\u0113zeknes valstspils\u0113tas pa\u0161vald\u012bba R\u0113zeknes Valsts 1.\u0123imn\u0101zija<br \/>Re\u0123. Nr. 40900023744,<br \/>Dzirnavu iel\u0101 3a, R\u0113zekn\u0113, LV \u2013 4601,<br \/>T\u0101lr. 64607372,<br \/>e-pasts: rv1g@rezekne.lv<\/p>\t\t\t<\/div>\n\t\t<\/div>\n\t\t\t<\/div>\n\t\t\t\t\t\t<\/div>\n\t\t\t\t<\/div>\n\t\t\t\t\t<\/div>\n\t\t<\/div>\n\t\t\t\t<div class=\"elementor-column elementor-col-50 elementor-top-column elementor-element elementor-element-c59d266\" data-id=\"c59d266\" data-element_type=\"column\" data-e-type=\"column\">\n\t\t\t<div class=\"elementor-widget-wrap elementor-element-populated\">\n\t\t\t\t\t\t<div class=\"elementor-element elementor-element-63f58a9 edumall-modern-heading-style-01 elementor-invisible elementor-widget elementor-widget-tm-heading\" data-id=\"63f58a9\" data-element_type=\"widget\" data-e-type=\"widget\" data-settings=\"{&quot;_animation&quot;:&quot;edumallFadeInUp&quot;}\" data-widget_type=\"tm-heading.default\">\n\t\t\t\t<div class=\"elementor-widget-container\">\n\t\t\t\t\t\t\t<div class=\"tm-modern-heading\">\n\t\t\t\n\t\t\t\t\t<div class=\"heading-primary-wrap\">\n\t\t\t<h3 class=\"heading-primary elementor-heading-title\">Ziedojumu <mark>konts <\/mark><\/h3>\t\t<\/div>\n\t\t\n\t\t\t\n\t\t\t\t\t<div class=\"heading-description-wrap\">\n\t\t\t<div class=\"heading-description\">\n\t\t\t\tSa\u0146\u0113m\u0113js: R\u0113zeknes valstspils\u0113tas izgl\u012bt\u012bbas p\u0101rvalde<br>\nRe\u0123 Nr. 90000025446<br>\nKonta Nr. LV56UNLA0055001309755<br>\nAS \u201cSEB Banka\u201d<br>\nKods: UNLALV2X\t\t\t<\/div>\n\t\t<\/div>\n\t\t\t<\/div>\n\t\t\t\t\t\t<\/div>\n\t\t\t\t<\/div>\n\t\t\t\t\t<\/div>\n\t\t<\/div>\n\t\t\t\t\t<\/div>\n\t\t<\/section>\n\t\t\t\t<\/div>\n\t\t","protected":false},"excerpt":{"rendered":"<p>Rekviz\u012bti Rekviz\u012bti R\u0113zeknes valstspils\u0113tas pa\u0161vald\u012bba R\u0113zeknes Valsts 1.\u0123imn\u0101zijaRe\u0123. Nr. 40900023744,Dzirnavu iel\u0101 3a, R\u0113zekn\u0113, LV \u2013 4601,T\u0101lr. 64607372,e-pasts: rv1g@rezekne.lv Ziedojumu konts Sa\u0146\u0113m\u0113js: R\u0113zeknes valstspils\u0113tas izgl\u012bt\u012bbas p\u0101rvalde Re\u0123 Nr. 90000025446 Konta Nr. LV56UNLA0055001309755 AS \u201cSEB Banka\u201d Kods: UNLALV2X<\/p>\n","protected":false},"author":1,"featured_media":0,"parent":0,"menu_order":0,"comment_status":"closed","ping_status":"closed","template":"","meta":{"footnotes":""},"class_list":["post-6491","page","type-page","status-publish","hentry","post-no-thumbnail"],"_links":{"self":[{"href":"https:\/\/rv1g.lv\/index.php\/wp-json\/wp\/v2\/pages\/6491","targetHints":{"allow":["GET"]}}],"collection":[{"href":"https:\/\/rv1g.lv\/index.php\/wp-json\/wp\/v2\/pages"}],"about":[{"href":"https:\/\/rv1g.lv\/index.php\/wp-json\/wp\/v2\/types\/page"}],"author":[{"embeddable":true,"href":"https:\/\/rv1g.lv\/index.php\/wp-json\/wp\/v2\/users\/1"}],"replies":[{"embeddable":true,"href":"https:\/\/rv1g.lv\/index.php\/wp-json\/wp\/v2\/comments?post=6491"}],"version-history":[{"count":7,"href":"https:\/\/rv1g.lv\/index.php\/wp-json\/wp\/v2\/pages\/6491\/revisions"}],"predecessor-version":[{"id":7010,"href":"https:\/\/rv1g.lv\/index.php\/wp-json\/wp\/v2\/pages\/6491\/revisions\/7010"}],"wp:attachment":[{"href":"https:\/\/rv1g.lv\/index.php\/wp-json\/wp\/v2\/media?parent=6491"}],"curies":[{"name":"wp","href":"https:\/\/api.w.org\/{rel}","templated":true}]}}